{"id":64,"date":"2024-07-14T19:11:33","date_gmt":"2024-07-14T17:11:33","guid":{"rendered":"http:\/\/osvan.es\/?page_id=64"},"modified":"2024-07-16T19:29:58","modified_gmt":"2024-07-16T17:29:58","slug":"quienes-somos","status":"publish","type":"page","link":"http:\/\/osvan.es\/index.php\/quienes-somos\/","title":{"rendered":"\u00bfQui\u00e9nes somos?"},"content":{"rendered":"\t\t<div data-elementor-type=\"wp-page\" data-elementor-id=\"64\" class=\"elementor elementor-64\">\n\t\t\t\t<div class=\"elementor-element elementor-element-d4db42b e-con-full e-flex e-con e-parent\" data-id=\"d4db42b\" data-element_type=\"container\" data-settings=\"{&quot;background_background&quot;:&quot;classic&quot;}\">\n\t\t\t\t<div class=\"elementor-element elementor-element-3a801f4 elementor-widget elementor-widget-text-editor\" data-id=\"3a801f4\" data-element_type=\"widget\" data-widget_type=\"text-editor.default\">\n\t\t\t\t<div class=\"elementor-widget-container\">\n\t\t\t<style>\/*! elementor - v3.22.0 - 26-06-2024 *\/\n.elementor-widget-text-editor.elementor-drop-cap-view-stacked .elementor-drop-cap{background-color:#69727d;color:#fff}.elementor-widget-text-editor.elementor-drop-cap-view-framed .elementor-drop-cap{color:#69727d;border:3px solid;background-color:transparent}.elementor-widget-text-editor:not(.elementor-drop-cap-view-default) .elementor-drop-cap{margin-top:8px}.elementor-widget-text-editor:not(.elementor-drop-cap-view-default) .elementor-drop-cap-letter{width:1em;height:1em}.elementor-widget-text-editor .elementor-drop-cap{float:left;text-align:center;line-height:1;font-size:50px}.elementor-widget-text-editor .elementor-drop-cap-letter{display:inline-block}<\/style>\t\t\t\t<h1 style=\"text-align: center;\"><span style=\"color: #ffffff;\">\u00bfQui\u00e9nes somos?<\/span><\/h1>\t\t\t\t\t\t<\/div>\n\t\t\t\t<\/div>\n\t\t\t\t<\/div>\n\t\t<div class=\"elementor-element elementor-element-f43fcbc e-con-full e-flex e-con e-parent\" data-id=\"f43fcbc\" data-element_type=\"container\">\n\t\t\t\t<div class=\"elementor-element elementor-element-e2452fe elementor-widget elementor-widget-spacer\" data-id=\"e2452fe\" data-element_type=\"widget\" data-widget_type=\"spacer.default\">\n\t\t\t\t<div class=\"elementor-widget-container\">\n\t\t\t<style>\/*! elementor - v3.22.0 - 26-06-2024 *\/\n.elementor-column .elementor-spacer-inner{height:var(--spacer-size)}.e-con{--container-widget-width:100%}.e-con-inner>.elementor-widget-spacer,.e-con>.elementor-widget-spacer{width:var(--container-widget-width,var(--spacer-size));--align-self:var(--container-widget-align-self,initial);--flex-shrink:0}.e-con-inner>.elementor-widget-spacer>.elementor-widget-container,.e-con>.elementor-widget-spacer>.elementor-widget-container{height:100%;width:100%}.e-con-inner>.elementor-widget-spacer>.elementor-widget-container>.elementor-spacer,.e-con>.elementor-widget-spacer>.elementor-widget-container>.elementor-spacer{height:100%}.e-con-inner>.elementor-widget-spacer>.elementor-widget-container>.elementor-spacer>.elementor-spacer-inner,.e-con>.elementor-widget-spacer>.elementor-widget-container>.elementor-spacer>.elementor-spacer-inner{height:var(--container-widget-height,var(--spacer-size))}.e-con-inner>.elementor-widget-spacer.elementor-widget-empty,.e-con>.elementor-widget-spacer.elementor-widget-empty{position:relative;min-height:22px;min-width:22px}.e-con-inner>.elementor-widget-spacer.elementor-widget-empty .elementor-widget-empty-icon,.e-con>.elementor-widget-spacer.elementor-widget-empty .elementor-widget-empty-icon{position:absolute;top:0;bottom:0;left:0;right:0;margin:auto;padding:0;width:22px;height:22px}<\/style>\t\t<div class=\"elementor-spacer\">\n\t\t\t<div class=\"elementor-spacer-inner\"><\/div>\n\t\t<\/div>\n\t\t\t\t<\/div>\n\t\t\t\t<\/div>\n\t\t\t\t<\/div>\n\t\t<div class=\"elementor-element elementor-element-e29b0cb e-con-full e-flex e-con e-parent\" data-id=\"e29b0cb\" data-element_type=\"container\">\n\t\t\t\t<div class=\"elementor-element elementor-element-5040f73 elementor-widget elementor-widget-text-editor\" data-id=\"5040f73\" data-element_type=\"widget\" data-widget_type=\"text-editor.default\">\n\t\t\t\t<div class=\"elementor-widget-container\">\n\t\t\t\t\t\t\t<p>En <strong>Estructuras OSVAN<\/strong> nos comprometemos a ofrecer seriedad, calidad y profesionalidad en todos nuestros proyectos. Desde nuestra fundaci\u00f3n, hemos trabajado incansablemente para establecer un est\u00e1ndar de excelencia en la industria de la construcci\u00f3n, asegurando que cada uno de nuestros clientes reciba una atenci\u00f3n personalizada y adaptada a sus necesidades espec\u00edficas.<\/p><p><strong>Nuestra Misi\u00f3n<\/strong><br \/>Nuestra misi\u00f3n es proporcionar soluciones estructurales innovadoras y de alta calidad que superen las expectativas de nuestros clientes. Nos enorgullecemos de nuestra capacidad para abordar proyectos complejos con eficiencia y dedicaci\u00f3n, garantizando resultados excepcionales.<\/p><p><strong>Nuestra Visi\u00f3n<\/strong><br \/>Aspiramos a ser l\u00edderes en el sector de la construcci\u00f3n, reconocidos por nuestra integridad, fiabilidad y compromiso con la excelencia. Buscamos constantemente nuevas formas de mejorar y crecer, manteniendo siempre a nuestros clientes en el centro de todo lo que hacemos.<\/p><p><strong>Valores<\/strong><br \/>\u00b7 Seriedad: Abordamos cada proyecto con la m\u00e1xima responsabilidad y dedicaci\u00f3n, asegurando un trabajo bien hecho desde el inicio hasta la finalizaci\u00f3n.<br \/>\u00b7 Calidad: Nos esforzamos por mantener los m\u00e1s altos est\u00e1ndares de calidad en cada uno de nuestros servicios, utilizando materiales y t\u00e9cnicas de vanguardia.<br \/>\u00b7 Profesionalidad: Contamos con un equipo altamente capacitado y experimentado, comprometido con la satisfacci\u00f3n del cliente y la excelencia en el trabajo.<\/p><p><strong>Atenci\u00f3n Personalizada<\/strong><br \/>Entendemos que cada cliente es \u00fanico, por lo que ofrecemos una atenci\u00f3n personalizada adaptada a las necesidades espec\u00edficas de cada proyecto. Nuestro equipo est\u00e1 siempre disponible para escuchar, asesorar y proporcionar soluciones a medida.<\/p><p><strong>Compromiso con la Seguridad<\/strong><br \/>La seguridad es una prioridad absoluta en Estructuras OSVAN. Nos esforzamos constantemente por mantener la m\u00e1xima seguridad y prevenci\u00f3n de riesgos laborales en todos nuestros centros de trabajo. Implementamos medidas rigurosas de vigilancia de la salud laboral y dotamos a nuestras obras de todos los medios necesarios para garantizar un entorno seguro para nuestros empleados y colaboradores.<\/p><p><strong>Garant\u00eda de Calidad<\/strong><br \/>Nuestro compromiso con la calidad se refleja en cada aspecto de nuestro trabajo. Desde la planificaci\u00f3n inicial hasta la entrega final, nos aseguramos de que cada detalle cumpla con nuestros estrictos est\u00e1ndares de calidad, proporcionando a nuestros clientes una garant\u00eda de excelencia en cada proyecto que emprendemos.<\/p>\t\t\t\t\t\t<\/div>\n\t\t\t\t<\/div>\n\t\t\t\t<\/div>\n\t\t\t\t<\/div>\n\t\t","protected":false},"excerpt":{"rendered":"<p>\u00bfQui\u00e9nes somos? En Estructuras OSVAN nos comprometemos a ofrecer seriedad, calidad y profesionalidad en todos nuestros proyectos. Desde nuestra fundaci\u00f3n, hemos trabajado incansablemente para establecer un est\u00e1ndar de excelencia en la industria de la construcci\u00f3n, asegurando que cada uno de nuestros clientes reciba una atenci\u00f3n personalizada y adaptada a sus [&hellip;]<\/p>\n","protected":false},"author":1,"featured_media":0,"parent":0,"menu_order":0,"comment_status":"closed","ping_status":"closed","template":"","meta":{"footnotes":""},"class_list":["post-64","page","type-page","status-publish","hentry"],"_links":{"self":[{"href":"http:\/\/osvan.es\/index.php\/wp-json\/wp\/v2\/pages\/64","targetHints":{"allow":["GET"]}}],"collection":[{"href":"http:\/\/osvan.es\/index.php\/wp-json\/wp\/v2\/pages"}],"about":[{"href":"http:\/\/osvan.es\/index.php\/wp-json\/wp\/v2\/types\/page"}],"author":[{"embeddable":true,"href":"http:\/\/osvan.es\/index.php\/wp-json\/wp\/v2\/users\/1"}],"replies":[{"embeddable":true,"href":"http:\/\/osvan.es\/index.php\/wp-json\/wp\/v2\/comments?post=64"}],"version-history":[{"count":37,"href":"http:\/\/osvan.es\/index.php\/wp-json\/wp\/v2\/pages\/64\/revisions"}],"predecessor-version":[{"id":633,"href":"http:\/\/osvan.es\/index.php\/wp-json\/wp\/v2\/pages\/64\/revisions\/633"}],"wp:attachment":[{"href":"http:\/\/osvan.es\/index.php\/wp-json\/wp\/v2\/media?parent=64"}],"curies":[{"name":"wp","href":"https:\/\/api.w.org\/{rel}","templated":true}]}}